{"id":6202,"date":"2024-05-23T12:57:43","date_gmt":"2024-05-23T12:57:43","guid":{"rendered":"https:\/\/www.keklikoglu.com\/urun\/young-male-torso-without-head-12-pieces\/"},"modified":"2024-05-23T12:57:43","modified_gmt":"2024-05-23T12:57:43","slug":"young-male-torso-without-head-12-pieces","status":"publish","type":"product","link":"https:\/\/www.keklikoglu.com\/en\/urun\/young-male-torso-without-head-12-pieces\/","title":{"rendered":"YOUNG MALE TORSO WITHOUT HEAD (12 PIECES)"},"content":{"rendered":"","protected":false},"excerpt":{"rendered":"<p>\u00d6zel geli\u015ftirilmi\u015f plastikten imal edilmi\u015f olup normal boyutlardad\u0131r. Model; akci\u011ferler (2), kalp (2), karaci\u011fer, sa\u011f b\u00f6brek yar\u0131s\u0131, mide, duodenum ve pankreas, ince ve kal\u0131n ba\u011f\u0131rsaklar, apandis a\u011fz\u0131, mesane ve b\u00f6bre\u011fin yar\u0131s\u0131 olmak \u00fczere 12 par\u00e7adan olu\u015fmaktad\u0131r. Model bir kaide \u00fczerine montelidir.  <\/p>\n<p><strong>Dimensions: <\/strong> 70 x 39 x 26 cm \/ 27.5 x 15.4 x 10.2 inches <strong>Weight:<\/strong> 9.5 kg \/ 21 lbs<\/p>\n","protected":false},"featured_media":4897,"template":"","meta":[],"product_brand":[],"product_cat":[103,128],"product_tag":[],"class_list":{"0":"post-6202","1":"product","2":"type-product","3":"status-publish","4":"has-post-thumbnail","6":"product_cat-human-anatomy-models","7":"product_cat-muscular-figures-torso","9":"first","10":"instock","11":"shipping-taxable","12":"purchasable","13":"product-type-simple"},"_links":{"self":[{"href":"https:\/\/www.keklikoglu.com\/en\/wp-json\/wp\/v2\/product\/6202","targetHints":{"allow":["GET"]}}],"collection":[{"href":"https:\/\/www.keklikoglu.com\/en\/wp-json\/wp\/v2\/product"}],"about":[{"href":"https:\/\/www.keklikoglu.com\/en\/wp-json\/wp\/v2\/types\/product"}],"wp:featuredmedia":[{"embeddable":true,"href":"https:\/\/www.keklikoglu.com\/en\/wp-json\/wp\/v2\/media\/4897"}],"wp:attachment":[{"href":"https:\/\/www.keklikoglu.com\/en\/wp-json\/wp\/v2\/media?parent=6202"}],"wp:term":[{"taxonomy":"product_brand","embeddable":true,"href":"https:\/\/www.keklikoglu.com\/en\/wp-json\/wp\/v2\/product_brand?post=6202"},{"taxonomy":"product_cat","embeddable":true,"href":"https:\/\/www.keklikoglu.com\/en\/wp-json\/wp\/v2\/product_cat?post=6202"},{"taxonomy":"product_tag","embeddable":true,"href":"https:\/\/www.keklikoglu.com\/en\/wp-json\/wp\/v2\/product_tag?post=6202"}],"curies":[{"name":"wp","href":"https:\/\/api.w.org\/{rel}","templated":true}]}}